{"id":5038,"date":"2020-05-10T22:02:10","date_gmt":"2020-05-11T02:02:10","guid":{"rendered":"https:\/\/studiohibou.com\/?page_id=5038"},"modified":"2026-02-24T22:00:27","modified_gmt":"2026-02-25T03:00:27","slug":"elementor-5038","status":"publish","type":"page","link":"https:\/\/studiohibou.com\/index.php\/fr\/elementor-5038\/","title":{"rendered":"VID\u00c9OCASSETTES"},"content":{"rendered":"\n<h1>\n\t\t\tNUM\u00c9RISATION HAUTE D\u00c9FINITION\t<\/h1>\n<h4>\n\t\t\tVisionnez vos souvenirs sur votre ordinateur, tablette, t\u00e9l\u00e9phone intelligent ou TVHD\t<\/h4>\n\t<ul>\n<li>Tous les formats de vid\u00e9ocassette<\/li>\n<li>Votre choix de format num\u00e9rique<\/li>\n<li>Tarifs abordables calcul\u00e9s selon la dur\u00e9e des vid\u00e9os<\/li>\n<li>Montage de base inclus avec titre et transition finale<\/li>\n<li>Transferts en ligne ou sur le m\u00e9dia de votre choix<\/li>\n<\/ul>\n\t\t\t<a href=\"https:\/\/studiohibou.com\/index.php\/fr\/contact-fra\/\"  target=\"_self\">\n\t\t\t\t\t\t\tDemandez une estimation gratuite\n\t\t\t<\/a>\n<figure itemscope itemtype=\"https:\/\/schema.org\/ImageObject\">\n\t\t\t\t<img decoding=\"async\" src=\"https:\/\/studiohibou.com\/wp-content\/uploads\/2018\/11\/vcr-numerisation-1024x576.jpg\" alt=\"vcr-numerisation\" height=\"576\" width=\"1024\" title=\"vcr-numerisation\" onerror=\"this.style.display='none'\" loading=\"lazy\" \/>\n\t<\/figure>\n<h1>\n\t\t\tVos souvenirs en version num\u00e9rique\t<\/h1>\n\t<p>Visionnez, partagez et sauvegardez vos pr\u00e9cieux moments sur tous vos appareils<\/p>\n\t\t\t<a href=\"https:\/\/studiohibou.com\/index.php\/fr\/contact-fra\/\"  target=\"_self\">\n\t\t\t\t\t\t\tDemandez une estimation gratuite\n\t\t\t<\/a>\n<h1>\n\t\t\tVotre choix de format num\u00e9rique\t<\/h1>\n<figure itemscope itemtype=\"https:\/\/schema.org\/ImageObject\">\n\t\t\t\t<img decoding=\"async\" src=\"https:\/\/studiohibou.com\/wp-content\/uploads\/2020\/12\/popular_video_formats_internet-e1630884330389.png\" alt=\"popular_video_formats_internet\" height=\"109\" width=\"500\" title=\"popular_video_formats_internet\" onerror=\"this.style.display='none'\" loading=\"lazy\" \/>\n\t<\/figure>\n\t<ul>\n<li>Que vous recherchez la qualit\u00e9 optimale ou un format facile \u00e0 partager sur les r\u00e9seaux sociaux, tous les formats sont disponibles<\/li>\n<\/ul>\n<h1>\n\t\t\tForfaits adapt\u00e9s \u00e0 votre projet\t<\/h1>\n\t<p>Recevez vos fichiers en ligne \u00e0 mesure qu&rsquo;ils sont num\u00e9ris\u00e9s<\/p>\n\t<p>Sur Disque dur externe, cl\u00e9 USB, Carte SD, DVD, Blu-ray<\/p>\n\t<p>Ordinateur, tablette, t\u00e9l\u00e9phone intelligent et TVHD<\/p>\n\t<p>Des formats de fichiers moins lourds peuvent \u00eatre disponibles pour faciliter le partage sur les r\u00e9seaux sociaux comme Facebook et X (ex Twitter)<\/p>\n\t\t\t<a href=\"https:\/\/studiohibou.com\/index.php\/fr\/home-3\/\"  target=\"_self\">\n\t\t\t\t\t\tRetour Accueil\n\t\t\t\t\t<\/a>\n\n","protected":false},"excerpt":{"rendered":"<p>NUM\u00c9RISATION HAUTE D\u00c9FINITION Visionnez vos souvenirs sur votre ordinateur, tablette, t\u00e9l\u00e9phone intelligent ou TVHD Tous les formats de vid\u00e9ocassette Votre choix de format num\u00e9rique Tarifs abordables calcul\u00e9s selon la dur\u00e9e des vid\u00e9os Montage de base inclus avec titre et transition finale Transferts en ligne ou sur le m\u00e9dia de votre choix Demandez une estimation gratuite&hellip;<\/p>\n","protected":false},"author":4,"featured_media":0,"parent":0,"menu_order":0,"comment_status":"closed","ping_status":"closed","template":"","meta":{"_monsterinsights_skip_tracking":false,"_monsterinsights_sitenote_active":false,"_monsterinsights_sitenote_note":"","_monsterinsights_sitenote_category":0,"footnotes":""},"class_list":["post-5038","page","type-page","status-publish","hentry"],"aioseo_notices":[],"_links":{"self":[{"href":"https:\/\/studiohibou.com\/index.php\/wp-json\/wp\/v2\/pages\/5038","targetHints":{"allow":["GET"]}}],"collection":[{"href":"https:\/\/studiohibou.com\/index.php\/wp-json\/wp\/v2\/pages"}],"about":[{"href":"https:\/\/studiohibou.com\/index.php\/wp-json\/wp\/v2\/types\/page"}],"author":[{"embeddable":true,"href":"https:\/\/studiohibou.com\/index.php\/wp-json\/wp\/v2\/users\/4"}],"replies":[{"embeddable":true,"href":"https:\/\/studiohibou.com\/index.php\/wp-json\/wp\/v2\/comments?post=5038"}],"version-history":[{"count":30,"href":"https:\/\/studiohibou.com\/index.php\/wp-json\/wp\/v2\/pages\/5038\/revisions"}],"predecessor-version":[{"id":10664,"href":"https:\/\/studiohibou.com\/index.php\/wp-json\/wp\/v2\/pages\/5038\/revisions\/10664"}],"wp:attachment":[{"href":"https:\/\/studiohibou.com\/index.php\/wp-json\/wp\/v2\/media?parent=5038"}],"curies":[{"name":"wp","href":"https:\/\/api.w.org\/{rel}","templated":true}]}}