{"id":30,"date":"2019-10-03T15:28:36","date_gmt":"2019-10-03T19:28:36","guid":{"rendered":"http:\/\/studiohibou.com\/?page_id=30"},"modified":"2026-03-24T10:31:24","modified_gmt":"2026-03-24T14:31:24","slug":"home-3","status":"publish","type":"page","link":"https:\/\/studiohibou.com\/index.php\/fr\/home-3\/","title":{"rendered":"Accueil"},"content":{"rendered":"\n<figure data-animation-delay=\"1\" data-animation-duration=\"1\" itemscope itemtype=\"https:\/\/schema.org\/ImageObject\">\n\t\t\t\t<img decoding=\"async\" src=\"https:\/\/studiohibou.com\/wp-content\/uploads\/2019\/01\/logo-SH2019-trans-512x512-150x150.png\" alt=\"logo-SH2019-trans-512x512\" height=\"150\" width=\"150\" title=\"logo-SH2019-trans-512x512\" onerror=\"this.style.display='none'\" loading=\"lazy\" \/>\n\t<\/figure>\n\t\t\t<h1>\n\t\t\t\t\t<a href=\"https:\/\/studiohibou.com\/index.php\/fr\/contact-fra\/\" title=\"Num\u00e9risation  de qualit\u00e9 professionnelle et abordable\" target=\"_blank\" rel=\"noopener\" aria-label=\"Go to https:\/\/studiohibou.com\/index.php\/fr\/contact-fra\/\">\n\t\t\t\t\t\tNum\u00e9risation  de qualit\u00e9 professionnelle et abordable\n\t\t\t\t\t\t<\/a>\n\t\t\t<\/h1>\n\t\t\t<p>Transfert par One Drive\u00ae, directement dans votre ordinateur disponible!<\/p>\n\t\t\t<a href=\"https:\/\/studiohibou.com\/index.php\/fr\/elementor-5038\/\"  target=\"_self\">\n\t\t\t\t\t\tVid\u00e9ocassettes\n\t\t\t\t\t<\/a>\n\t\t\t<a href=\"https:\/\/studiohibou.com\/index.php\/fr\/10060-2\/\"  target=\"_self\">\n\t\t\t\t\t\tBobines de film\n\t\t\t\t\t<\/a>\n\t\t\t<a href=\"https:\/\/studiohibou.com\/index.php\/fr\/10073-2\/\"  target=\"_self\">\n\t\t\t\t\t\tDiapositives &#8211; Photos\n\t\t\t\t\t<\/a>\n\t\t\t<a href=\"https:\/\/studiohibou.com\/index.php\/fr\/cassettes-et-disques-vinyle\/\"  target=\"_self\">\n\t\t\t\t\t\tAudio Vinyles &#8211; Cassettes\n\t\t\t\t\t<\/a>\n\t\t\t<a href=\"https:\/\/studiohibou.com\/index.php\/fr\/contact-fra\/\"  target=\"_self\">\n\t\t\t\t\t\tDemander une estimation gratuite\n\t\t\t\t\t<\/a>\n<h4  data-animation-delay=\"0\" data-animation-duration=\"1\">\n\t\t\tAUTRES SERVICES\t<\/h4>\n\t<ul>\n\t\t<li><a href=\"https:\/\/studiohibou.com\/index.php\/fr\/site-internet\/\" target=\"_self\"><\/a>\t\t\t\t\n\t\t<h5>Site internet<\/h5><p>Design, production et mise en ligne<\/p><\/li><li>\t\t\t\t\n\t\t<h5>Montages vid\u00e9o<\/h5><p>Publicit\u00e9s, formations, entrevues, enqu\u00eates, documentaires, etc.\u00a0<\/p><\/li><li>\t\t\t\t\n\t\t<h5>Logos<\/h5><p>Design de logo original pour votre entreprise<\/p><\/li><li>\t\t\t\t\n\t\t<h5>Documents techniques<\/h5><p>Modes d&#8217;emploi, sp\u00e9cifications, rapports, factures, formulaires, etc.<\/p><\/li><li>\t\t\t\t\n\t\t<h5>Brochures et banni\u00e8res<\/h5><p>Pochettes, brochures, publicit\u00e9s, banni\u00e8res, cartes de visite, invitations, etc.<\/p><\/li><li>\t\t\t\t\n\t\t<h5>Menus de restaurant<\/h5><p>Design mettant en valeur vos plats, produits offerts et l&rsquo;atmosph\u00e8re de votre \u00e9tablissement.<\/p><\/li>\t<\/ul>\n\t\t\t<a href=\"https:\/\/studiohibou.com\/index.php\/fr\/apropos\/\"  target=\"_self\">\n\t\t\t\t\t\t\tPlus de d\u00e9tails\n\t\t\t<\/a>\n<figure data-animation-delay=\"0\" data-animation-duration=\"1\" itemscope itemtype=\"https:\/\/schema.org\/ImageObject\">\n\t\t\t\t<a href=\"https:\/\/studiohibou.com\/index.php\/fr\/apropos\/\"  target=\"_self\" itemprop=\"url\">\n\t\t\t\t<img decoding=\"async\" src=\"https:\/\/studiohibou.com\/wp-content\/uploads\/2018\/07\/studiohibou09062018-3264x2094-1024x657.jpg\" alt=\"studiohibou09062018-3264x2094\" height=\"657\" width=\"1024\" title=\"studiohibou09062018-3264x2094\" onerror=\"this.style.display='none'\" loading=\"lazy\" \/>\n\t\t\t\t<\/a>\n\t<\/figure>\n\tDepuis avril 2010, LE STUDIO HIBOU est l&rsquo;administrateur exclusif du site internet du CHENIL EXCELAB.<br \/>\nMerci \u00e0 St\u00e9phane Poissant et Diane Plouffe, \u00e9leveurs propri\u00e9taires, pour leur confiance depuis tout ce temps !\n<figure data-animation-delay=\"0.0\" data-animation-duration=\"1\" itemscope itemtype=\"https:\/\/schema.org\/ImageObject\">\n\t\t\t\t<a href=\"https:\/\/chenilexcelab.com\"  target=\"_blank\" rel=\"noopener\"  itemprop=\"url\">\n\t\t\t\t<img decoding=\"async\" src=\"https:\/\/studiohibou.com\/wp-content\/uploads\/2024\/03\/Titre-gunner2018-1024x692.jpg\" alt=\"Titre-gunner2018\" height=\"692\" width=\"1024\" title=\"Titre-gunner2018\" onerror=\"this.style.display='none'\" loading=\"lazy\" \/>\n\t\t\t\t<\/a>\n\t<\/figure>\n\t\t\t<a href=\"https:\/\/chenilexcelab.com\" target=\"_blank\" rel=\"noopener\"class=\"uabb-button uabb-creative-button uabb-creative-gradient-btn   \"  role=\"button\">\n\t\t\t\t\t\tVisitez Le Chenil Excelab\n\t\t<\/a>\n<h2  data-animation-delay=\"0\" data-animation-duration=\"1\">\n\t\t\tSTUDIO D&rsquo;ENREGISTREMENT ET DE PRATIQUE PRIV\u00c9\t<\/h2>\n\t<ul>\n<li>Musique, narration, bruitages pour \u00e9dition de montages vid\u00e9o ou autres<\/li>\n<li>Arrangement, remixage et optimisation de trames audio<\/li>\n<li>Studio priv\u00e9 pour enregistrement (sur r\u00e9f\u00e9rence ou invitation uniquement)<\/li>\n<li><strong>AUCUNE LOCATION DE LOCAL OU D&rsquo;\u00c9QUIPEMENT<\/strong><\/li>\n<\/ul>\n<h3  data-animation-delay=\"0\" data-animation-duration=\"1\">\n\t\t\t\u00c9quipements professionnels soigneusement choisis\t<\/h3>\n<figure data-animation-delay=\"0\" data-animation-duration=\"1\" itemscope itemtype=\"https:\/\/schema.org\/ImageObject\">\n\t\t\t\t<img decoding=\"async\" src=\"https:\/\/studiohibou.com\/wp-content\/uploads\/2018\/07\/studiohibou09062018-3264x2094-1024x657.jpg\" alt=\"studiohibou09062018-3264x2094\" height=\"657\" width=\"1024\" title=\"studiohibou09062018-3264x2094\" onerror=\"this.style.display='none'\" loading=\"lazy\" \/>\n\t<\/figure>\n\t\t\t<a href=\"https:\/\/studiohibou.com\/index.php\/fr\/apropos\/\"  target=\"_self\">\n\t\t\t\t\t\t\tPlus de d\u00e9tails\n\t\t\t<\/a>\n\n","protected":false},"excerpt":{"rendered":"<p>Num\u00e9risation de qualit\u00e9 professionnelle et abordable Transfert par One Drive\u00ae, directement dans votre ordinateur disponible! Vid\u00e9ocassettes Bobines de film Diapositives &#8211; Photos Audio Vinyles &#8211; Cassettes Demander une estimation gratuite AUTRES SERVICES Site internet Design, production et mise en ligne Montages vid\u00e9o Publicit\u00e9s, formations, entrevues, enqu\u00eates, documentaires, etc.\u00a0 Logos Design de logo original pour votre&hellip;<\/p>\n","protected":false},"author":4,"featured_media":1093,"parent":0,"menu_order":0,"comment_status":"closed","ping_status":"closed","template":"","meta":{"_monsterinsights_skip_tracking":false,"_monsterinsights_sitenote_active":false,"_monsterinsights_sitenote_note":"","_monsterinsights_sitenote_category":0,"footnotes":""},"class_list":["post-30","page","type-page","status-publish","has-post-thumbnail","hentry"],"aioseo_notices":[],"_links":{"self":[{"href":"https:\/\/studiohibou.com\/index.php\/wp-json\/wp\/v2\/pages\/30","targetHints":{"allow":["GET"]}}],"collection":[{"href":"https:\/\/studiohibou.com\/index.php\/wp-json\/wp\/v2\/pages"}],"about":[{"href":"https:\/\/studiohibou.com\/index.php\/wp-json\/wp\/v2\/types\/page"}],"author":[{"embeddable":true,"href":"https:\/\/studiohibou.com\/index.php\/wp-json\/wp\/v2\/users\/4"}],"replies":[{"embeddable":true,"href":"https:\/\/studiohibou.com\/index.php\/wp-json\/wp\/v2\/comments?post=30"}],"version-history":[{"count":15,"href":"https:\/\/studiohibou.com\/index.php\/wp-json\/wp\/v2\/pages\/30\/revisions"}],"predecessor-version":[{"id":10669,"href":"https:\/\/studiohibou.com\/index.php\/wp-json\/wp\/v2\/pages\/30\/revisions\/10669"}],"wp:featuredmedia":[{"embeddable":true,"href":"https:\/\/studiohibou.com\/index.php\/wp-json\/wp\/v2\/media\/1093"}],"wp:attachment":[{"href":"https:\/\/studiohibou.com\/index.php\/wp-json\/wp\/v2\/media?parent=30"}],"curies":[{"name":"wp","href":"https:\/\/api.w.org\/{rel}","templated":true}]}}