{"id":10060,"date":"2021-09-06T13:03:39","date_gmt":"2021-09-06T17:03:39","guid":{"rendered":"https:\/\/studiohibou.com\/?page_id=10060"},"modified":"2025-06-21T00:37:42","modified_gmt":"2025-06-21T04:37:42","slug":"10060-2","status":"publish","type":"page","link":"https:\/\/studiohibou.com\/index.php\/fr\/10060-2\/","title":{"rendered":"BOBINES DE FILMS"},"content":{"rendered":"\n<h1>\n\t\t\tNUM\u00c9RISATION HAUTE D\u00c9FINITION\t<\/h1>\n<h4>\n\t\t\tBobines 8 mm et Super 8\t<\/h4>\n\t<ul>\n<li>Bobines de toutes les grandeurs (petites et grandes)<\/li>\n<li>Montage de base inclus comprenant le regroupement de plusieurs bobines, titre et transition finale<\/li>\n<li>Ajout de musique et\/ou narration AUDIO (optionnel)<\/li>\n<\/ul>\n\t\t\t<a href=\"https:\/\/studiohibou.com\/index.php\/fr\/contact-fra\/\" target=\"_self\">\n\t\t\t\t\t\t\tDemandez une estimation gratuite\n\t\t\t<\/a>\n<h1>\n\t\t\tForfaits adapt\u00e9s \u00e0 votre projet\t<\/h1>\n\t<p>Recevez vos fichiers en ligne \u00e0 mesure qu&rsquo;ils sont num\u00e9ris\u00e9s<\/p>\n\t<p>Sur Disque dur externe, cl\u00e9 USB, Carte SD, DVD, Blu-ray<\/p>\n\t<p>Ordinateur, tablette, t\u00e9l\u00e9phone intelligent et TVHD<\/p>\n\t<p>Des formats de fichiers moins lourds peuvent \u00eatre disponibles pour faciliter le partage sur les r\u00e9seaux sociaux comme Facebook et X (Twitter)<\/p>\n\t\t\t\t<img decoding=\"async\" src=\"https:\/\/studiohibou.com\/wp-content\/uploads\/2020\/02\/Camion-Dow-2-1024x758.jpg\" alt=\"Camion Dow-2\" itemprop=\"image\" height=\"758\" width=\"1024\" title=\"Camion Dow-2\" onerror=\"this.style.display='none'\" loading='lazy' \/>\n<h2>\n\t\t\tRetrouvez vos souvenirs en version num\u00e9rique\t<\/h2>\n\t<p>Bobines 8mm et Super 8<\/p>\n\t\t\t<a href=\"https:\/\/studiohibou.com\/index.php\/fr\/contact-fra\/\" target=\"_self\">\n\t\t\t\t\t\t\tDemandez une estimation gratuite\n\t\t\t<\/a>\n\t\t\t<a href=\"https:\/\/studiohibou.com\/index.php\/fr\/home-3\/\" target=\"_self\">\n\t\t\t\t\t\tRetour Accueil\n\t\t\t\t\t<\/a>\n\n","protected":false},"excerpt":{"rendered":"<p>NUM\u00c9RISATION HAUTE D\u00c9FINITION Bobines 8 mm et Super 8 Bobines de toutes les grandeurs (petites et grandes) Montage de base inclus comprenant le regroupement de plusieurs bobines, titre et transition finale Ajout de musique et\/ou narration AUDIO (optionnel) Demandez une estimation gratuite Forfaits adapt\u00e9s \u00e0 votre projet Recevez vos fichiers en ligne \u00e0 mesure qu&rsquo;ils&hellip;<\/p>\n","protected":false},"author":4,"featured_media":0,"parent":0,"menu_order":0,"comment_status":"closed","ping_status":"closed","template":"","meta":{"_monsterinsights_skip_tracking":false,"_monsterinsights_sitenote_active":false,"_monsterinsights_sitenote_note":"","_monsterinsights_sitenote_category":0,"footnotes":""},"class_list":["post-10060","page","type-page","status-publish","hentry"],"aioseo_notices":[],"_links":{"self":[{"href":"https:\/\/studiohibou.com\/index.php\/wp-json\/wp\/v2\/pages\/10060","targetHints":{"allow":["GET"]}}],"collection":[{"href":"https:\/\/studiohibou.com\/index.php\/wp-json\/wp\/v2\/pages"}],"about":[{"href":"https:\/\/studiohibou.com\/index.php\/wp-json\/wp\/v2\/types\/page"}],"author":[{"embeddable":true,"href":"https:\/\/studiohibou.com\/index.php\/wp-json\/wp\/v2\/users\/4"}],"replies":[{"embeddable":true,"href":"https:\/\/studiohibou.com\/index.php\/wp-json\/wp\/v2\/comments?post=10060"}],"version-history":[{"count":12,"href":"https:\/\/studiohibou.com\/index.php\/wp-json\/wp\/v2\/pages\/10060\/revisions"}],"predecessor-version":[{"id":10629,"href":"https:\/\/studiohibou.com\/index.php\/wp-json\/wp\/v2\/pages\/10060\/revisions\/10629"}],"wp:attachment":[{"href":"https:\/\/studiohibou.com\/index.php\/wp-json\/wp\/v2\/media?parent=10060"}],"curies":[{"name":"wp","href":"https:\/\/api.w.org\/{rel}","templated":true}]}}